{"id":305,"date":"2020-01-20T17:49:26","date_gmt":"2020-01-20T17:49:26","guid":{"rendered":"http:\/\/www.kparkeologia.fi\/?page_id=305"},"modified":"2020-02-20T21:16:16","modified_gmt":"2020-02-20T21:16:16","slug":"valokuvausgalleria-arkeologinen-kulttuuriperinto-1","status":"publish","type":"page","link":"https:\/\/www.kparkeologia.fi\/?page_id=305","title":{"rendered":"Valokuvagalleria  Arkeologinen kulttuuriperint\u00f6 1"},"content":{"rendered":"\n<div class=\"wp-block-image\"><figure class=\"aligncenter\"><img loading=\"lazy\" decoding=\"async\" width=\"921\" height=\"691\" src=\"http:\/\/www.kparkeologia.fi\/wp-content\/uploads\/2020\/01\/101-Rovaniemi-Karjalanj\u00e4rvi-asp.jpg\" alt=\"\" class=\"wp-image-309\" srcset=\"https:\/\/www.kparkeologia.fi\/wp-content\/uploads\/2020\/01\/101-Rovaniemi-Karjalanj\u00e4rvi-asp.jpg 921w, https:\/\/www.kparkeologia.fi\/wp-content\/uploads\/2020\/01\/101-Rovaniemi-Karjalanj\u00e4rvi-asp-300x225.jpg 300w, https:\/\/www.kparkeologia.fi\/wp-content\/uploads\/2020\/01\/101-Rovaniemi-Karjalanj\u00e4rvi-asp-768x576.jpg 768w\" sizes=\"auto, (max-width: 921px) 100vw, 921px\" \/><figcaption><strong>Varhaismesoliittinen asuinpaikka<\/strong> It\u00e4meren korkeimman rantatason alapuolella     &#8211;  Rovaniemi Karjalanj\u00e4rvi (Korouoma), rantat\u00f6rm\u00e4n ik\u00e4 noin<strong> 9700 BP<\/strong><\/figcaption><\/figure><\/div>\n\n\n\n<figure class=\"wp-block-image\"><img loading=\"lazy\" decoding=\"async\" width=\"921\" height=\"691\" src=\"http:\/\/www.kparkeologia.fi\/wp-content\/uploads\/2020\/01\/102-Tai054-Harjunnokka-5-yleiskuva-pohjoisesta.jpg\" alt=\"\" class=\"wp-image-310\" srcset=\"https:\/\/www.kparkeologia.fi\/wp-content\/uploads\/2020\/01\/102-Tai054-Harjunnokka-5-yleiskuva-pohjoisesta.jpg 921w, https:\/\/www.kparkeologia.fi\/wp-content\/uploads\/2020\/01\/102-Tai054-Harjunnokka-5-yleiskuva-pohjoisesta-300x225.jpg 300w, https:\/\/www.kparkeologia.fi\/wp-content\/uploads\/2020\/01\/102-Tai054-Harjunnokka-5-yleiskuva-pohjoisesta-768x576.jpg 768w\" sizes=\"auto, (max-width: 921px) 100vw, 921px\" \/><figcaption><strong>Varhaismesoliittinen leiripaikka<\/strong>. Taivalkoski Harjunokka 5  ik\u00e4 <strong>9550 BP<\/strong> (14C-ajoitus)<\/figcaption><\/figure>\n\n\n\n<figure class=\"wp-block-image\"><img loading=\"lazy\" decoding=\"async\" width=\"850\" height=\"638\" src=\"http:\/\/www.kparkeologia.fi\/wp-content\/uploads\/2020\/01\/103-Tai051-Harjunnokka-4-yleiskuva-l\u00e4nnest\u00e4.jpg\" alt=\"\" class=\"wp-image-311\" srcset=\"https:\/\/www.kparkeologia.fi\/wp-content\/uploads\/2020\/01\/103-Tai051-Harjunnokka-4-yleiskuva-l\u00e4nnest\u00e4.jpg 850w, https:\/\/www.kparkeologia.fi\/wp-content\/uploads\/2020\/01\/103-Tai051-Harjunnokka-4-yleiskuva-l\u00e4nnest\u00e4-300x225.jpg 300w, https:\/\/www.kparkeologia.fi\/wp-content\/uploads\/2020\/01\/103-Tai051-Harjunnokka-4-yleiskuva-l\u00e4nnest\u00e4-768x576.jpg 768w\" sizes=\"auto, (max-width: 850px) 100vw, 850px\" \/><figcaption><strong>Varhaisneoliittinen asuinpaikka<\/strong>. Taivalkoski Harjunnokka 4 ik\u00e4 noin <strong>6300-6100 BP <\/strong>(KA I:1)<\/figcaption><\/figure>\n\n\n\n<figure class=\"wp-block-image\"><img loading=\"lazy\" decoding=\"async\" width=\"850\" height=\"636\" src=\"http:\/\/www.kparkeologia.fi\/wp-content\/uploads\/2020\/01\/104-Kaustinen-029-Peltokyd\u00f6nharju.jpg\" alt=\"\" class=\"wp-image-312\" srcset=\"https:\/\/www.kparkeologia.fi\/wp-content\/uploads\/2020\/01\/104-Kaustinen-029-Peltokyd\u00f6nharju.jpg 850w, https:\/\/www.kparkeologia.fi\/wp-content\/uploads\/2020\/01\/104-Kaustinen-029-Peltokyd\u00f6nharju-300x224.jpg 300w, https:\/\/www.kparkeologia.fi\/wp-content\/uploads\/2020\/01\/104-Kaustinen-029-Peltokyd\u00f6nharju-768x575.jpg 768w\" sizes=\"auto, (max-width: 850px) 100vw, 850px\" \/><figcaption><strong>Keskineoliittiset talonpainanteet<\/strong>. Kaustinen Peltokyd\u00f6nharju, rantat\u00f6rm\u00e4n ik\u00e4 <strong>5500 BP<\/strong><\/figcaption><\/figure>\n\n\n\n<figure class=\"wp-block-image\"><img loading=\"lazy\" decoding=\"async\" width=\"850\" height=\"636\" src=\"http:\/\/www.kparkeologia.fi\/wp-content\/uploads\/2020\/01\/105-Kalajoki-Hi-Hiidenlinna-1.jpg\" alt=\"\" class=\"wp-image-313\" srcset=\"https:\/\/www.kparkeologia.fi\/wp-content\/uploads\/2020\/01\/105-Kalajoki-Hi-Hiidenlinna-1.jpg 850w, https:\/\/www.kparkeologia.fi\/wp-content\/uploads\/2020\/01\/105-Kalajoki-Hi-Hiidenlinna-1-300x224.jpg 300w, https:\/\/www.kparkeologia.fi\/wp-content\/uploads\/2020\/01\/105-Kalajoki-Hi-Hiidenlinna-1-768x575.jpg 768w\" sizes=\"auto, (max-width: 850px) 100vw, 850px\" \/><figcaption><strong>J\u00e4tinkirkko<\/strong>. Kalajoki -Himanka- Hiidenlinna, rantat\u00f6rmien ik\u00e4 noin <strong>5500 BP<\/strong><\/figcaption><\/figure>\n\n\n\n<figure class=\"wp-block-image\"><img loading=\"lazy\" decoding=\"async\" width=\"921\" height=\"690\" src=\"http:\/\/www.kparkeologia.fi\/wp-content\/uploads\/2020\/01\/106-Kannus-Varhenkangas-4-keh\u00e4.jpg\" alt=\"\" class=\"wp-image-314\" srcset=\"https:\/\/www.kparkeologia.fi\/wp-content\/uploads\/2020\/01\/106-Kannus-Varhenkangas-4-keh\u00e4.jpg 921w, https:\/\/www.kparkeologia.fi\/wp-content\/uploads\/2020\/01\/106-Kannus-Varhenkangas-4-keh\u00e4-300x225.jpg 300w, https:\/\/www.kparkeologia.fi\/wp-content\/uploads\/2020\/01\/106-Kannus-Varhenkangas-4-keh\u00e4-768x575.jpg 768w\" sizes=\"auto, (max-width: 921px) 100vw, 921px\" \/><figcaption> <strong>Kivikeh\u00e4<\/strong>, jossa kulkuaukko. Kannus Varhenkangas, rantat\u00f6rm\u00e4n ik\u00e4 noin <strong>5000 BP<\/strong><\/figcaption><\/figure>\n\n\n\n<figure class=\"wp-block-image\"><img loading=\"lazy\" decoding=\"async\" width=\"921\" height=\"690\" src=\"http:\/\/www.kparkeologia.fi\/wp-content\/uploads\/2020\/01\/107-Kannus-Linnakangas-1.jpg\" alt=\"\" class=\"wp-image-315\" srcset=\"https:\/\/www.kparkeologia.fi\/wp-content\/uploads\/2020\/01\/107-Kannus-Linnakangas-1.jpg 921w, https:\/\/www.kparkeologia.fi\/wp-content\/uploads\/2020\/01\/107-Kannus-Linnakangas-1-300x225.jpg 300w, https:\/\/www.kparkeologia.fi\/wp-content\/uploads\/2020\/01\/107-Kannus-Linnakangas-1-768x575.jpg 768w\" sizes=\"auto, (max-width: 921px) 100vw, 921px\" \/><figcaption> <strong>Painanne ja purnuja<\/strong> rakkakivikossa. Kannus Linnakangas, rantat\u00f6rm\u00e4n ik\u00e4 noin <strong>4900 BP<\/strong><\/figcaption><\/figure>\n\n\n\n<figure class=\"wp-block-image\"><img loading=\"lazy\" decoding=\"async\" width=\"921\" height=\"689\" src=\"http:\/\/www.kparkeologia.fi\/wp-content\/uploads\/2020\/01\/108-K\u00e4lvi\u00e4-063-K\u00e4mpp\u00e4kangas_painanne3.jpg\" alt=\"\" class=\"wp-image-316\" srcset=\"https:\/\/www.kparkeologia.fi\/wp-content\/uploads\/2020\/01\/108-K\u00e4lvi\u00e4-063-K\u00e4mpp\u00e4kangas_painanne3.jpg 921w, https:\/\/www.kparkeologia.fi\/wp-content\/uploads\/2020\/01\/108-K\u00e4lvi\u00e4-063-K\u00e4mpp\u00e4kangas_painanne3-300x224.jpg 300w, https:\/\/www.kparkeologia.fi\/wp-content\/uploads\/2020\/01\/108-K\u00e4lvi\u00e4-063-K\u00e4mpp\u00e4kangas_painanne3-768x575.jpg 768w\" sizes=\"auto, (max-width: 921px) 100vw, 921px\" \/><figcaption><strong>Keskineoliittinen  talonpainanne<\/strong> kivikossa. Kokkola -K\u00e4lvi\u00e4-, rantat\u00f6rm\u00e4n ik\u00e4 noin <strong>4700 BP<\/strong><\/figcaption><\/figure>\n\n\n\n<figure class=\"wp-block-image\"><img loading=\"lazy\" decoding=\"async\" width=\"921\" height=\"691\" src=\"http:\/\/www.kparkeologia.fi\/wp-content\/uploads\/2020\/01\/109-Ii-keh\u00e4r\u00f6ykki\u00f6-41-IMG_2559-Hankopalo-1-2.jpg\" alt=\"\" class=\"wp-image-317\" srcset=\"https:\/\/www.kparkeologia.fi\/wp-content\/uploads\/2020\/01\/109-Ii-keh\u00e4r\u00f6ykki\u00f6-41-IMG_2559-Hankopalo-1-2.jpg 921w, https:\/\/www.kparkeologia.fi\/wp-content\/uploads\/2020\/01\/109-Ii-keh\u00e4r\u00f6ykki\u00f6-41-IMG_2559-Hankopalo-1-2-300x225.jpg 300w, https:\/\/www.kparkeologia.fi\/wp-content\/uploads\/2020\/01\/109-Ii-keh\u00e4r\u00f6ykki\u00f6-41-IMG_2559-Hankopalo-1-2-768x576.jpg 768w\" sizes=\"auto, (max-width: 921px) 100vw, 921px\" \/><figcaption><strong>My\u00f6h\u00e4isneoliittinen kivikeh\u00e4<\/strong>. Ii Honkapalo, rantat\u00f6rm\u00e4n ik\u00e4 noin<strong> 4500 BP<\/strong><\/figcaption><\/figure>\n\n\n\n<figure class=\"wp-block-image\"><img loading=\"lazy\" decoding=\"async\" width=\"921\" height=\"691\" src=\"http:\/\/www.kparkeologia.fi\/wp-content\/uploads\/2020\/01\/110-Ii-pitk\u00e4r\u00f6ykki\u00f6-34-3-IMG_2572.jpg\" alt=\"\" class=\"wp-image-318\" srcset=\"https:\/\/www.kparkeologia.fi\/wp-content\/uploads\/2020\/01\/110-Ii-pitk\u00e4r\u00f6ykki\u00f6-34-3-IMG_2572.jpg 921w, https:\/\/www.kparkeologia.fi\/wp-content\/uploads\/2020\/01\/110-Ii-pitk\u00e4r\u00f6ykki\u00f6-34-3-IMG_2572-300x225.jpg 300w, https:\/\/www.kparkeologia.fi\/wp-content\/uploads\/2020\/01\/110-Ii-pitk\u00e4r\u00f6ykki\u00f6-34-3-IMG_2572-768x576.jpg 768w\" sizes=\"auto, (max-width: 921px) 100vw, 921px\" \/><figcaption><strong>Pitk\u00e4r\u00f6ykki\u00f6<\/strong>, neoliittisen jakson loppuvaihe, Ii Makkarakangas, rantat\u00f6rm\u00e4n ik\u00e4 n. <strong>4200 BP<\/strong><\/figcaption><\/figure>\n\n\n\n<figure class=\"wp-block-image\"><img loading=\"lazy\" decoding=\"async\" width=\"921\" height=\"689\" src=\"http:\/\/www.kparkeologia.fi\/wp-content\/uploads\/2020\/01\/110-k\u00e4lvi\u00e4120-Pirtisalo1_r\u00f6ykki\u00f61.jpg\" alt=\"\" class=\"wp-image-319\" srcset=\"https:\/\/www.kparkeologia.fi\/wp-content\/uploads\/2020\/01\/110-k\u00e4lvi\u00e4120-Pirtisalo1_r\u00f6ykki\u00f61.jpg 921w, https:\/\/www.kparkeologia.fi\/wp-content\/uploads\/2020\/01\/110-k\u00e4lvi\u00e4120-Pirtisalo1_r\u00f6ykki\u00f61-300x224.jpg 300w, https:\/\/www.kparkeologia.fi\/wp-content\/uploads\/2020\/01\/110-k\u00e4lvi\u00e4120-Pirtisalo1_r\u00f6ykki\u00f61-768x575.jpg 768w\" sizes=\"auto, (max-width: 921px) 100vw, 921px\" \/><figcaption><strong>Pitk\u00e4r\u00f6ykki\u00f6<\/strong>, neoliittisen jakson loppuvaihe, Kokkola -K\u00e4lvi\u00e4- Pirttisalo,                   rantat\u00f6rm\u00e4n ik\u00e4 n. <strong>4200 BP<\/strong><\/figcaption><\/figure>\n\n\n\n<figure class=\"wp-block-image size-large\"><img loading=\"lazy\" decoding=\"async\" width=\"921\" height=\"691\" src=\"http:\/\/www.kparkeologia.fi\/wp-content\/uploads\/2020\/02\/halonen-kammio-2-min.jpg\" alt=\"\" class=\"wp-image-403\" srcset=\"https:\/\/www.kparkeologia.fi\/wp-content\/uploads\/2020\/02\/halonen-kammio-2-min.jpg 921w, https:\/\/www.kparkeologia.fi\/wp-content\/uploads\/2020\/02\/halonen-kammio-2-min-300x225.jpg 300w, https:\/\/www.kparkeologia.fi\/wp-content\/uploads\/2020\/02\/halonen-kammio-2-min-768x576.jpg 768w\" sizes=\"auto, (max-width: 921px) 100vw, 921px\" \/><figcaption><strong>Kallioluola, kivikautinen l\u00f6yt\u00f6paikka<\/strong>. Kuusamo,  Halosen uuni kammio 2,               Valtavaaran vaarajono<\/figcaption><\/figure>\n\n\n\n<figure class=\"wp-block-image size-large\"><img loading=\"lazy\" decoding=\"async\" width=\"921\" height=\"691\" src=\"http:\/\/www.kparkeologia.fi\/wp-content\/uploads\/2020\/02\/halonen-kammio-3-min.jpg\" alt=\"\" class=\"wp-image-404\" srcset=\"https:\/\/www.kparkeologia.fi\/wp-content\/uploads\/2020\/02\/halonen-kammio-3-min.jpg 921w, https:\/\/www.kparkeologia.fi\/wp-content\/uploads\/2020\/02\/halonen-kammio-3-min-300x225.jpg 300w, https:\/\/www.kparkeologia.fi\/wp-content\/uploads\/2020\/02\/halonen-kammio-3-min-768x576.jpg 768w\" sizes=\"auto, (max-width: 921px) 100vw, 921px\" \/><figcaption><strong>Kallioluola, kivikautinen l\u00f6yt\u00f6paikka<\/strong>. Kuusamo,  Halosen uuni kammio 3,               Valtavaaran vaarajono<\/figcaption><\/figure>\n\n\n\n<figure class=\"wp-block-image\"><img loading=\"lazy\" decoding=\"async\" width=\"921\" height=\"691\" src=\"http:\/\/www.kparkeologia.fi\/wp-content\/uploads\/2020\/01\/111-Kalanti-kohde-9-Rikkaiden-haudat-r-2-l\u00e4nsi.JPG.jpg\" alt=\"\" class=\"wp-image-320\" srcset=\"https:\/\/www.kparkeologia.fi\/wp-content\/uploads\/2020\/01\/111-Kalanti-kohde-9-Rikkaiden-haudat-r-2-l\u00e4nsi.JPG.jpg 921w, https:\/\/www.kparkeologia.fi\/wp-content\/uploads\/2020\/01\/111-Kalanti-kohde-9-Rikkaiden-haudat-r-2-l\u00e4nsi.JPG-300x225.jpg 300w, https:\/\/www.kparkeologia.fi\/wp-content\/uploads\/2020\/01\/111-Kalanti-kohde-9-Rikkaiden-haudat-r-2-l\u00e4nsi.JPG-768x576.jpg 768w\" sizes=\"auto, (max-width: 921px) 100vw, 921px\" \/><figcaption>Iso <strong>pronssikautinen hautar\u00f6ykki\u00f6<\/strong>. Uusikaupunki -Kalanti- Rikkaiden haudat,             rantat\u00f6rm\u00e4n ik\u00e4 noin <strong>3000 B P<\/strong><\/figcaption><\/figure>\n\n\n\n<figure class=\"wp-block-image\"><img loading=\"lazy\" decoding=\"async\" width=\"921\" height=\"691\" src=\"http:\/\/www.kparkeologia.fi\/wp-content\/uploads\/2020\/01\/111-Kalanti-uotilan-isomaa-kohde-10-r\u00f6ykki\u00f6t-2-ja-3-l\u00e4nteen.jpg\" alt=\"\" class=\"wp-image-321\" srcset=\"https:\/\/www.kparkeologia.fi\/wp-content\/uploads\/2020\/01\/111-Kalanti-uotilan-isomaa-kohde-10-r\u00f6ykki\u00f6t-2-ja-3-l\u00e4nteen.jpg 921w, https:\/\/www.kparkeologia.fi\/wp-content\/uploads\/2020\/01\/111-Kalanti-uotilan-isomaa-kohde-10-r\u00f6ykki\u00f6t-2-ja-3-l\u00e4nteen-300x225.jpg 300w, https:\/\/www.kparkeologia.fi\/wp-content\/uploads\/2020\/01\/111-Kalanti-uotilan-isomaa-kohde-10-r\u00f6ykki\u00f6t-2-ja-3-l\u00e4nteen-768x576.jpg 768w\" sizes=\"auto, (max-width: 921px) 100vw, 921px\" \/><figcaption><strong>Pronssikautiset hautar\u00f6ykki\u00f6t<\/strong>. Uusikaupunki -Kalanti- Uotilan Isomaa,     rantat\u00f6rm\u00e4n ik\u00e4 noin <strong>3000 BP<\/strong><\/figcaption><\/figure>\n\n\n\n<figure class=\"wp-block-image\"><img loading=\"lazy\" decoding=\"async\" width=\"921\" height=\"691\" src=\"http:\/\/www.kparkeologia.fi\/wp-content\/uploads\/2020\/01\/113-2-Liminka-V\u00e4rminkoski-kk.jpg\" alt=\"\" class=\"wp-image-322\" srcset=\"https:\/\/www.kparkeologia.fi\/wp-content\/uploads\/2020\/01\/113-2-Liminka-V\u00e4rminkoski-kk.jpg 921w, https:\/\/www.kparkeologia.fi\/wp-content\/uploads\/2020\/01\/113-2-Liminka-V\u00e4rminkoski-kk-300x225.jpg 300w, https:\/\/www.kparkeologia.fi\/wp-content\/uploads\/2020\/01\/113-2-Liminka-V\u00e4rminkoski-kk-768x576.jpg 768w\" sizes=\"auto, (max-width: 921px) 100vw, 921px\" \/><figcaption><strong>Keittokuopat<\/strong>. Liminka V\u00e4rminkoski, rantat\u00f6rm\u00e4n ik\u00e4 noin <strong>2600 BP<\/strong><\/figcaption><\/figure>\n\n\n\n<figure class=\"wp-block-image\"><img loading=\"lazy\" decoding=\"async\" width=\"921\" height=\"691\" src=\"http:\/\/www.kparkeologia.fi\/wp-content\/uploads\/2020\/01\/114-Rovaniemi-Ahonvaara-4-1.jpg\" alt=\"\" class=\"wp-image-323\" srcset=\"https:\/\/www.kparkeologia.fi\/wp-content\/uploads\/2020\/01\/114-Rovaniemi-Ahonvaara-4-1.jpg 921w, https:\/\/www.kparkeologia.fi\/wp-content\/uploads\/2020\/01\/114-Rovaniemi-Ahonvaara-4-1-300x225.jpg 300w, https:\/\/www.kparkeologia.fi\/wp-content\/uploads\/2020\/01\/114-Rovaniemi-Ahonvaara-4-1-768x576.jpg 768w\" sizes=\"auto, (max-width: 921px) 100vw, 921px\" \/><figcaption><strong>Kivir\u00f6ykki\u00f6t<\/strong>. Rovaniemi Ahonvaara, mahdollisesti varhaismetallikautinen<\/figcaption><\/figure>\n\n\n\n<figure class=\"wp-block-image\"><img loading=\"lazy\" decoding=\"async\" width=\"921\" height=\"691\" src=\"http:\/\/www.kparkeologia.fi\/wp-content\/uploads\/2020\/01\/115-Himanka-Meksinkallio-Kohde-1-r\u00f6ykki\u00f6ryhm\u00e4-koilliseen.jpg\" alt=\"\" class=\"wp-image-324\" srcset=\"https:\/\/www.kparkeologia.fi\/wp-content\/uploads\/2020\/01\/115-Himanka-Meksinkallio-Kohde-1-r\u00f6ykki\u00f6ryhm\u00e4-koilliseen.jpg 921w, https:\/\/www.kparkeologia.fi\/wp-content\/uploads\/2020\/01\/115-Himanka-Meksinkallio-Kohde-1-r\u00f6ykki\u00f6ryhm\u00e4-koilliseen-300x225.jpg 300w, https:\/\/www.kparkeologia.fi\/wp-content\/uploads\/2020\/01\/115-Himanka-Meksinkallio-Kohde-1-r\u00f6ykki\u00f6ryhm\u00e4-koilliseen-768x576.jpg 768w\" sizes=\"auto, (max-width: 921px) 100vw, 921px\" \/><figcaption><strong>Rautakautiset r\u00f6ykki\u00f6t<\/strong>. Kalajoki -Himanka- Meksinkallio, mahdollisesti my\u00f6h\u00e4iselt\u00e4 rautakaudelta<\/figcaption><\/figure>\n\n\n\n<figure class=\"wp-block-image\"><img loading=\"lazy\" decoding=\"async\" width=\"921\" height=\"691\" src=\"http:\/\/www.kparkeologia.fi\/wp-content\/uploads\/2020\/01\/116-Kalanti-kohde-78-Hiitteenpiikainrinki-kaakkoon.jpg\" alt=\"\" class=\"wp-image-325\" srcset=\"https:\/\/www.kparkeologia.fi\/wp-content\/uploads\/2020\/01\/116-Kalanti-kohde-78-Hiitteenpiikainrinki-kaakkoon.jpg 921w, https:\/\/www.kparkeologia.fi\/wp-content\/uploads\/2020\/01\/116-Kalanti-kohde-78-Hiitteenpiikainrinki-kaakkoon-300x225.jpg 300w, https:\/\/www.kparkeologia.fi\/wp-content\/uploads\/2020\/01\/116-Kalanti-kohde-78-Hiitteenpiikainrinki-kaakkoon-768x576.jpg 768w\" sizes=\"auto, (max-width: 921px) 100vw, 921px\" \/><figcaption><strong>Iso kivikeh\u00e4<\/strong> (hylkeenpyyt\u00e4jien suoja) muinaisella luodolla. Uusikaupunki -Kalanti- Hiittenpiikainrinki, korkeuden perusteella my\u00f6h\u00e4iselta rautakaudelta.<\/figcaption><\/figure>\n\n\n\n<figure class=\"wp-block-image\"><img loading=\"lazy\" decoding=\"async\" width=\"921\" height=\"689\" src=\"http:\/\/www.kparkeologia.fi\/wp-content\/uploads\/2020\/01\/117-Lesti-Kasalankangas_pyyntikuopat-1.jpg\" alt=\"\" class=\"wp-image-326\" srcset=\"https:\/\/www.kparkeologia.fi\/wp-content\/uploads\/2020\/01\/117-Lesti-Kasalankangas_pyyntikuopat-1.jpg 921w, https:\/\/www.kparkeologia.fi\/wp-content\/uploads\/2020\/01\/117-Lesti-Kasalankangas_pyyntikuopat-1-300x224.jpg 300w, https:\/\/www.kparkeologia.fi\/wp-content\/uploads\/2020\/01\/117-Lesti-Kasalankangas_pyyntikuopat-1-768x575.jpg 768w\" sizes=\"auto, (max-width: 921px) 100vw, 921px\" \/><figcaption><strong>Pyyntikuoppia<\/strong>. Lestij\u00e4rvi Kasalankangas, esihistoriallisia &#8211; ei tarkemmin ajoitettu<\/figcaption><\/figure>\n\n\n\n<figure class=\"wp-block-image\"><img loading=\"lazy\" decoding=\"async\" width=\"921\" height=\"691\" src=\"http:\/\/www.kparkeologia.fi\/wp-content\/uploads\/2020\/01\/118-Kuu028-Kuopunkikalliot-kvartsilouhos-l\u00e4nsiosa-l\u00e4nnest\u00e4.jpg\" alt=\"\" class=\"wp-image-327\" srcset=\"https:\/\/www.kparkeologia.fi\/wp-content\/uploads\/2020\/01\/118-Kuu028-Kuopunkikalliot-kvartsilouhos-l\u00e4nsiosa-l\u00e4nnest\u00e4.jpg 921w, https:\/\/www.kparkeologia.fi\/wp-content\/uploads\/2020\/01\/118-Kuu028-Kuopunkikalliot-kvartsilouhos-l\u00e4nsiosa-l\u00e4nnest\u00e4-300x225.jpg 300w, https:\/\/www.kparkeologia.fi\/wp-content\/uploads\/2020\/01\/118-Kuu028-Kuopunkikalliot-kvartsilouhos-l\u00e4nsiosa-l\u00e4nnest\u00e4-768x576.jpg 768w\" sizes=\"auto, (max-width: 921px) 100vw, 921px\" \/><figcaption>Kvartsilouhos. Kuusamo Kuopunginkalliot, esihistoriallinen (10 cm:n huuhtoutumiskerros maan alla olevien louhimispintojen p\u00e4\u00e4ll\u00e4).<\/figcaption><\/figure>\n\n\n\n<figure class=\"wp-block-image\"><img loading=\"lazy\" decoding=\"async\" width=\"921\" height=\"691\" src=\"http:\/\/www.kparkeologia.fi\/wp-content\/uploads\/2020\/01\/119-Liminka-V\u00e4rminkoski-Lauri-kuppikivi.jpg\" alt=\"\" class=\"wp-image-328\" srcset=\"https:\/\/www.kparkeologia.fi\/wp-content\/uploads\/2020\/01\/119-Liminka-V\u00e4rminkoski-Lauri-kuppikivi.jpg 921w, https:\/\/www.kparkeologia.fi\/wp-content\/uploads\/2020\/01\/119-Liminka-V\u00e4rminkoski-Lauri-kuppikivi-300x225.jpg 300w, https:\/\/www.kparkeologia.fi\/wp-content\/uploads\/2020\/01\/119-Liminka-V\u00e4rminkoski-Lauri-kuppikivi-768x576.jpg 768w\" sizes=\"auto, (max-width: 921px) 100vw, 921px\" \/><figcaption><strong>Kuppikivi<\/strong>. Liminka V\u00e4rminkoski Lauri. Esihistoriallisen jakson loppuvaihe &#8211; varhaikeskiaika<\/figcaption><\/figure>\n\n\n\n<figure class=\"wp-block-image\"><img loading=\"lazy\" decoding=\"async\" width=\"921\" height=\"691\" src=\"http:\/\/www.kparkeologia.fi\/wp-content\/uploads\/2020\/01\/120-Kokkola-Bl\u00e4ckis-023kuppikivi.jpg\" alt=\"\" class=\"wp-image-329\" srcset=\"https:\/\/www.kparkeologia.fi\/wp-content\/uploads\/2020\/01\/120-Kokkola-Bl\u00e4ckis-023kuppikivi.jpg 921w, https:\/\/www.kparkeologia.fi\/wp-content\/uploads\/2020\/01\/120-Kokkola-Bl\u00e4ckis-023kuppikivi-300x225.jpg 300w, https:\/\/www.kparkeologia.fi\/wp-content\/uploads\/2020\/01\/120-Kokkola-Bl\u00e4ckis-023kuppikivi-768x576.jpg 768w\" sizes=\"auto, (max-width: 921px) 100vw, 921px\" \/><figcaption><strong>Kuppikivi<\/strong>. Kokkola Bl\u00e4ckis\u00e5sen. Esihistoriallisen jakson loppuvaihe &#8211; varhaikeskiaika<\/figcaption><\/figure>\n\n\n\n<figure class=\"wp-block-image\"><img loading=\"lazy\" decoding=\"async\" width=\"921\" height=\"691\" src=\"http:\/\/www.kparkeologia.fi\/wp-content\/uploads\/2020\/01\/121-KuuHarjuniemi-6-suorakulmainen-liesi-lounaasta.jpg\" alt=\"\" class=\"wp-image-330\" srcset=\"https:\/\/www.kparkeologia.fi\/wp-content\/uploads\/2020\/01\/121-KuuHarjuniemi-6-suorakulmainen-liesi-lounaasta.jpg 921w, https:\/\/www.kparkeologia.fi\/wp-content\/uploads\/2020\/01\/121-KuuHarjuniemi-6-suorakulmainen-liesi-lounaasta-300x225.jpg 300w, https:\/\/www.kparkeologia.fi\/wp-content\/uploads\/2020\/01\/121-KuuHarjuniemi-6-suorakulmainen-liesi-lounaasta-768x576.jpg 768w\" sizes=\"auto, (max-width: 921px) 100vw, 921px\" \/><figcaption><strong> Suorakulmainen liesi<\/strong>. Kuusamo Harjuniemi 6.  Tyyppi tunnetaan esihist. jakson loppuvaiheesta ja varhaishisorialliselta jaksolta<\/figcaption><\/figure>\n","protected":false},"excerpt":{"rendered":"","protected":false},"author":1,"featured_media":0,"parent":0,"menu_order":0,"comment_status":"closed","ping_status":"closed","template":"","meta":{"footnotes":""},"class_list":["post-305","page","type-page","status-publish","hentry"],"_links":{"self":[{"href":"https:\/\/www.kparkeologia.fi\/index.php?rest_route=\/wp\/v2\/pages\/305","targetHints":{"allow":["GET"]}}],"collection":[{"href":"https:\/\/www.kparkeologia.fi\/index.php?rest_route=\/wp\/v2\/pages"}],"about":[{"href":"https:\/\/www.kparkeologia.fi\/index.php?rest_route=\/wp\/v2\/types\/page"}],"author":[{"embeddable":true,"href":"https:\/\/www.kparkeologia.fi\/index.php?rest_route=\/wp\/v2\/users\/1"}],"replies":[{"embeddable":true,"href":"https:\/\/www.kparkeologia.fi\/index.php?rest_route=%2Fwp%2Fv2%2Fcomments&post=305"}],"version-history":[{"count":9,"href":"https:\/\/www.kparkeologia.fi\/index.php?rest_route=\/wp\/v2\/pages\/305\/revisions"}],"predecessor-version":[{"id":405,"href":"https:\/\/www.kparkeologia.fi\/index.php?rest_route=\/wp\/v2\/pages\/305\/revisions\/405"}],"wp:attachment":[{"href":"https:\/\/www.kparkeologia.fi\/index.php?rest_route=%2Fwp%2Fv2%2Fmedia&parent=305"}],"curies":[{"name":"wp","href":"https:\/\/api.w.org\/{rel}","templated":true}]}}